{"id":1376,"date":"2021-02-13T13:23:58","date_gmt":"2021-02-13T13:23:58","guid":{"rendered":"https:\/\/catchadventure.dk\/?page_id=1376"},"modified":"2022-05-27T10:37:33","modified_gmt":"2022-05-27T10:37:33","slug":"2006-2018-2","status":"publish","type":"page","link":"https:\/\/catchadventure.dk\/index.php\/2006-2018-2\/","title":{"rendered":"2006 &#8211; 2018"},"content":{"rendered":"\n<h2 class=\"has-text-align-center wp-block-heading\">Hakkemosen<\/h2>\n\n\n\n<p class=\"has-text-align-center\">Denne lille gr\u00f8nne oase i stor K\u00f8benhavn har gennem tiden st\u00e5et til m\u00e5ls for mangt og meget. <br>Min f\u00f8rste erindring om s\u00f8en, er fra en fisketur med klassen, i de f\u00f8rste skole\u00e5r. Hjemme igen om eftermiddagen, <br>kunne jeg stolt vise 3 stinkende trof\u00e6skaller frem. <br>Under h\u00f8jlydte protester fra min ellers t\u00e5lmodige mor, r\u00f8g dagens fangst i affaldsskakten.<\/p>\n\n\n\n<div class=\"wp-block-columns is-layout-flex wp-container-core-columns-is-layout-9d6595d7 wp-block-columns-is-layout-flex\">\n<div class=\"wp-block-column is-layout-flow wp-block-column-is-layout-flow\">\n<figure class=\"wp-block-image size-large is-resized\"><img loading=\"lazy\" decoding=\"async\" src=\"https:\/\/catchadventure.dk\/wp-content\/uploads\/2021\/02\/f11-2-1024x768.jpg\" alt=\"\" class=\"wp-image-1400\" width=\"590\" height=\"442\" srcset=\"https:\/\/catchadventure.dk\/wp-content\/uploads\/2021\/02\/f11-2-1024x768.jpg 1024w, https:\/\/catchadventure.dk\/wp-content\/uploads\/2021\/02\/f11-2-300x225.jpg 300w, https:\/\/catchadventure.dk\/wp-content\/uploads\/2021\/02\/f11-2-768x576.jpg 768w, https:\/\/catchadventure.dk\/wp-content\/uploads\/2021\/02\/f11-2-1536x1152.jpg 1536w, https:\/\/catchadventure.dk\/wp-content\/uploads\/2021\/02\/f11-2-2048x1536.jpg 2048w\" sizes=\"auto, (max-width: 590px) 100vw, 590px\" \/><\/figure>\n<\/div>\n\n\n\n<div class=\"wp-block-column is-layout-flow wp-block-column-is-layout-flow\">\n<p><strong>Bestanden: <\/strong>Gennem tiden har flere foreninger v\u00e6ret involveret i Hakkemosen. Ish\u00f8j Sportsfisker klub har siden 2012 haft fiskerettighederne. I 1980-90\u00e8rne er der foretaget enkelte uds\u00e6tninger af yngel fra gedde og \u00e5l. Disse er blevet suppleret med Karper af forskellig st\u00f8rrelse og herkomst. <br>Efter \u00c5rtusindeskiftet tror jeg s\u00f8ens bestand, kun har f\u00e5et tilf\u00f8jet Karper.<\/p>\n\n\n\n<p>Fiskeriet efter Gedde, Aborre, Karusse og Brasen m\u00e5 siges at v\u00e6re d\u00e5rligt. <br>Fiskere af tvivlsom karakter, har fjernet toppen af disse arters bestand. Til geng\u00e6ld gemmer det op til 6m dybe legravsvand, p\u00e5 grove sudere og monster \u00e5l.<\/p>\n\n\n\n<p>Karpefiskeriet er ikke det nemmeste i verden. Store omr\u00e5der er d\u00e6kket af gr\u00f8de, hvilket besv\u00e6rligg\u00f8r fiskeriet. Samtidigt forsyner gr\u00f8den de k\u00e6re sk\u00e6llede, med en del f\u00f8de\/gemmesteder. Den st\u00f8rste kendte karpe der har huseret Hakkemosen, vejede 16-17kg \u201cDen Fede\/Bolden\u201d. De sidste tre \u00e5r har jeg ikke fanget, eller h\u00f8rt om fisk over 14kg. Men hvem ved hvad der gemmer sig, i de unders\u00f8iske gr\u00f8nne skove.<\/p>\n<\/div>\n<\/div>\n\n\n\n<div class=\"wp-block-columns is-layout-flex wp-container-core-columns-is-layout-9d6595d7 wp-block-columns-is-layout-flex\">\n<div class=\"wp-block-column is-layout-flow wp-block-column-is-layout-flow\" style=\"flex-basis:66.66%\">\n<p><strong>Presset Natur:<\/strong> Siden 2013 har jeg boet t\u00e6t p\u00e5 mosen. N\u00e5r vejret er til det, bliver omr\u00e5det flittigt brugt af rigtig mange mennesker. Lystfiskere, Familie g\u00e5ture, hundefolk og diverse pick-nick sammenkomster, kan v\u00e6re en ordentlig mundfuld for denne lille naturperle. <br>Mine fisketure i Hakkemosen er som regel p\u00e5 en hverdag. Den starter et par timer f\u00f8r solopgang, og slutter tidligt om formiddagen. Fred og ro har i dette tidsrum, det klare overtag. Med lidt forberedelser op til s\u00e5dan en morgentur, er det forventeligt at der kommer 1-3 karper i fangstnettet.<br><\/p>\n\n\n\n<figure class=\"wp-block-image size-large is-resized\"><img loading=\"lazy\" decoding=\"async\" src=\"https:\/\/catchadventure.dk\/wp-content\/uploads\/2021\/02\/slange-1024x395.jpg\" alt=\"\" class=\"wp-image-1437\" width=\"1024\" height=\"395\" srcset=\"https:\/\/catchadventure.dk\/wp-content\/uploads\/2021\/02\/slange-1024x395.jpg 1024w, https:\/\/catchadventure.dk\/wp-content\/uploads\/2021\/02\/slange-300x116.jpg 300w, https:\/\/catchadventure.dk\/wp-content\/uploads\/2021\/02\/slange-768x297.jpg 768w, https:\/\/catchadventure.dk\/wp-content\/uploads\/2021\/02\/slange-1536x593.jpg 1536w, https:\/\/catchadventure.dk\/wp-content\/uploads\/2021\/02\/slange-2048x791.jpg 2048w\" sizes=\"auto, (max-width: 1024px) 100vw, 1024px\" \/><\/figure>\n<\/div>\n\n\n\n<div class=\"wp-block-column is-layout-flow wp-block-column-is-layout-flow\" style=\"flex-basis:33.33%\"><div class=\"wp-block-image\">\n<figure class=\"aligncenter size-large is-resized\"><img loading=\"lazy\" decoding=\"async\" src=\"https:\/\/catchadventure.dk\/wp-content\/uploads\/2021\/02\/f14-1-576x1024.jpg\" alt=\"\" class=\"wp-image-1425\" width=\"263\" height=\"468\" srcset=\"https:\/\/catchadventure.dk\/wp-content\/uploads\/2021\/02\/f14-1-576x1024.jpg 576w, https:\/\/catchadventure.dk\/wp-content\/uploads\/2021\/02\/f14-1-169x300.jpg 169w, https:\/\/catchadventure.dk\/wp-content\/uploads\/2021\/02\/f14-1-768x1365.jpg 768w, https:\/\/catchadventure.dk\/wp-content\/uploads\/2021\/02\/f14-1-864x1536.jpg 864w, https:\/\/catchadventure.dk\/wp-content\/uploads\/2021\/02\/f14-1-1152x2048.jpg 1152w, https:\/\/catchadventure.dk\/wp-content\/uploads\/2021\/02\/f14-1-scaled.jpg 1440w\" sizes=\"auto, (max-width: 263px) 100vw, 263px\" \/><\/figure>\n<\/div><\/div>\n<\/div>\n\n\n\n<p><strong>Under Stangspidsen:<\/strong> S\u00f8ndag morgen er et godt tidspunkt, at g\u00e5 en tur omkring s\u00f8en. S\u00e5 kan jeg f\u00e5 en snak omkring fiskeriet, med dem der har tilbragt weekenden bag st\u00e6ngerne. Karperne har set alt, og jo flere fiskere der er omkring s\u00f8en, jo mere tilbageholdende bliver de oftest. <br>Efter en velbes\u00f8gt weekend, vil man kunne opleve karpernes aktivitetsniveau v\u00e6re st\u00f8dt stigende. I l\u00f8bet af s\u00f8ndagen forsvinder Liner og kroge som dug for solen. <br>De kommende d\u00f8gn, kan foderpladserne ryddes i god ro og orden. <\/p>\n\n\n\n<div class=\"wp-block-columns is-layout-flex wp-container-core-columns-is-layout-9d6595d7 wp-block-columns-is-layout-flex\">\n<div class=\"wp-block-column is-layout-flow wp-block-column-is-layout-flow\"><div class=\"wp-block-image\">\n<figure class=\"aligncenter size-large is-resized\"><img loading=\"lazy\" decoding=\"async\" src=\"https:\/\/catchadventure.dk\/wp-content\/uploads\/2021\/02\/f20b-1-1024x713.jpg\" alt=\"\" class=\"wp-image-1452\" width=\"327\" height=\"228\" srcset=\"https:\/\/catchadventure.dk\/wp-content\/uploads\/2021\/02\/f20b-1-1024x713.jpg 1024w, https:\/\/catchadventure.dk\/wp-content\/uploads\/2021\/02\/f20b-1-300x209.jpg 300w, https:\/\/catchadventure.dk\/wp-content\/uploads\/2021\/02\/f20b-1-768x534.jpg 768w, https:\/\/catchadventure.dk\/wp-content\/uploads\/2021\/02\/f20b-1-1536x1069.jpg 1536w, https:\/\/catchadventure.dk\/wp-content\/uploads\/2021\/02\/f20b-1.jpg 1851w\" sizes=\"auto, (max-width: 327px) 100vw, 327px\" \/><\/figure>\n<\/div><\/div>\n\n\n\n<div class=\"wp-block-column is-layout-flow wp-block-column-is-layout-flow\"><div class=\"wp-block-image\">\n<figure class=\"aligncenter size-large is-resized\"><img loading=\"lazy\" decoding=\"async\" src=\"https:\/\/catchadventure.dk\/wp-content\/uploads\/2021\/02\/f16-2-1024x713.jpg\" alt=\"\" class=\"wp-image-1453\" width=\"328\" height=\"228\" srcset=\"https:\/\/catchadventure.dk\/wp-content\/uploads\/2021\/02\/f16-2-1024x713.jpg 1024w, https:\/\/catchadventure.dk\/wp-content\/uploads\/2021\/02\/f16-2-300x209.jpg 300w, https:\/\/catchadventure.dk\/wp-content\/uploads\/2021\/02\/f16-2-768x535.jpg 768w, https:\/\/catchadventure.dk\/wp-content\/uploads\/2021\/02\/f16-2-1536x1070.jpg 1536w, https:\/\/catchadventure.dk\/wp-content\/uploads\/2021\/02\/f16-2-2048x1427.jpg 2048w\" sizes=\"auto, (max-width: 328px) 100vw, 328px\" \/><\/figure>\n<\/div><\/div>\n\n\n\n<div class=\"wp-block-column is-layout-flow wp-block-column-is-layout-flow\"><div class=\"wp-block-image\">\n<figure class=\"aligncenter size-large is-resized\"><img loading=\"lazy\" decoding=\"async\" src=\"https:\/\/catchadventure.dk\/wp-content\/uploads\/2021\/02\/proeve-1-1024x643.jpg\" alt=\"\" class=\"wp-image-1467\" width=\"362\" height=\"231\"\/><\/figure>\n<\/div><\/div>\n<\/div>\n\n\n\n<p>De mange fugle kan g\u00f8re det sv\u00e6rt at holde en fodring. Blish\u00f8nsene dykker uden problemer, ned til 4-5m dybde. Siden sm\u00e5, har de haft boilies og partikler p\u00e5 spisesedlen. Der er simpelthen ikke et \u00f8je t\u00f8rt, n\u00e5r de gr\u00e5digt rydder pladsen. Med lidt held kan jeg omg\u00e5 fugleproblemet, ved at fodre i nattens mulm og m\u00f8rke. <br>S\u00e5 er der heller ikke andre nysgerrige \u00f8jne der ser.<\/p>\n\n\n\n<p>For det meste forbereder jeg til n\u00e6rdistance-fiskeri, med to st\u00e6nger. Det intensiverer fiskeriet en hel del, n\u00e5r alting foreg\u00e5r close-up. N\u00e5r pladsen er fundet, bliver der fodret med ca 1kg boilies\/partikler til hvert tackle. Det bliver spredt godt ud, s\u00e5 karperne skal mosle rundt for at rydde helt op. <br>Tre d\u00f8gn senere, bliver der suppleret med 0.5kg pr stang. Denne supplering bliver lagt sent om aftenen, lige op til turen n\u00e6ste morgen. Et par timer f\u00f8r solopgang, bliver grejet rigget op. Det foreg\u00e5r i passende afstand fra spottet, s\u00e5 der undg\u00e5s forstyrrelser. Forsigtigt bliver et minimum af grej sat op, og ved f\u00f8rste lys bliver tacklerne lagt ud.<\/p>\n\n\n\n<div class=\"wp-block-columns is-layout-flex wp-container-core-columns-is-layout-9d6595d7 wp-block-columns-is-layout-flex\">\n<div class=\"wp-block-column is-layout-flow wp-block-column-is-layout-flow\">\n<figure class=\"wp-block-image size-large is-resized\"><img loading=\"lazy\" decoding=\"async\" src=\"https:\/\/catchadventure.dk\/wp-content\/uploads\/2021\/02\/f22-1-1024x964.jpg\" alt=\"\" class=\"wp-image-1531\" width=\"512\" height=\"482\" srcset=\"https:\/\/catchadventure.dk\/wp-content\/uploads\/2021\/02\/f22-1-1024x964.jpg 1024w, https:\/\/catchadventure.dk\/wp-content\/uploads\/2021\/02\/f22-1-300x283.jpg 300w, https:\/\/catchadventure.dk\/wp-content\/uploads\/2021\/02\/f22-1-768x723.jpg 768w, https:\/\/catchadventure.dk\/wp-content\/uploads\/2021\/02\/f22-1-1536x1447.jpg 1536w, https:\/\/catchadventure.dk\/wp-content\/uploads\/2021\/02\/f22-1.jpg 1803w\" sizes=\"auto, (max-width: 512px) 100vw, 512px\" \/><\/figure>\n<\/div>\n\n\n\n<div class=\"wp-block-column is-layout-flow wp-block-column-is-layout-flow\">\n<p class=\"has-text-align-center\">Jeg fodrer ikke i f\u00f8rste omgang. Skulle der k\u00f8re en fisk af, kan man altid smide en h\u00e5ndfuld agn, n\u00e5r tacklet ligges ud p\u00e5 ny.<\/p>\n\n\n\n<p class=\"has-text-align-center\">Der g\u00e5r sj\u00e6ldent l\u00e6nge f\u00f8r der er fisk p\u00e5 m\u00e5tten. <br>Men Hakkemosen har sine luner og det h\u00e6nder <br>man m\u00e5 vende n\u00e6sen hjemad, med uforrettet sag. <br>Denne fremgangsm\u00e5de har givet mig <br>mange fine fisk. Nogle af de mest <br>mindev\u00e6rdige m\u00e5 v\u00e6re <br>\u201cN\u00e6bbet\/Papeg\u00f8jen 14+\u201d samt \u201cDen Fede 16.8kg\u201d. Begge target-fish blev overlistet, mindre end 10m fra stangspidsen.<\/p>\n<\/div>\n\n\n\n<div class=\"wp-block-column is-layout-flow wp-block-column-is-layout-flow\">\n<figure class=\"wp-block-image size-large\"><img loading=\"lazy\" decoding=\"async\" width=\"1024\" height=\"968\" src=\"https:\/\/catchadventure.dk\/wp-content\/uploads\/2021\/02\/f23a-1024x968.jpg\" alt=\"\" class=\"wp-image-2172\" srcset=\"https:\/\/catchadventure.dk\/wp-content\/uploads\/2021\/02\/f23a-1024x968.jpg 1024w, https:\/\/catchadventure.dk\/wp-content\/uploads\/2021\/02\/f23a-300x283.jpg 300w, https:\/\/catchadventure.dk\/wp-content\/uploads\/2021\/02\/f23a-768x726.jpg 768w, https:\/\/catchadventure.dk\/wp-content\/uploads\/2021\/02\/f23a-1536x1451.jpg 1536w, https:\/\/catchadventure.dk\/wp-content\/uploads\/2021\/02\/f23a-2048x1935.jpg 2048w\" sizes=\"auto, (max-width: 1024px) 100vw, 1024px\" \/><\/figure>\n<\/div>\n<\/div>\n\n\n\n<p><strong>September 2019: <\/strong>Et af s\u00f8ens oplagte hot-spots efter karperne, er spidsen af en lang og smal stribe r\u00f8rskov midt i s\u00f8en. Den er placeret p\u00e5 toppen af stejle skr\u00e6nter, der skr\u00e5ner mod s\u00f8ens dybeste omr\u00e5de p\u00e5 6m. I slutningen af august, m\u00f8dte jeg en karpefisker der havde udset sig sivspidsen, som sin valgte fiskeplads. Han fandt den helt store spomb frem, og hen over weekenden, fik den foder i grove m\u00e6ngder, uden der blev fanget noget m\u00e6rkbart. Det var en oplagt chance til at kigge forbi senere p\u00e5 ugen, da dette veld\u00e6kkede tagselvbord, burde tr\u00e6kke fisk til p\u00e5 et tidspunkt.<\/p>\n\n\n\n<div class=\"wp-block-columns is-layout-flex wp-container-core-columns-is-layout-9d6595d7 wp-block-columns-is-layout-flex\">\n<div class=\"wp-block-column is-layout-flow wp-block-column-is-layout-flow\">\n<figure class=\"wp-block-image size-large\"><img loading=\"lazy\" decoding=\"async\" width=\"1024\" height=\"485\" src=\"https:\/\/catchadventure.dk\/wp-content\/uploads\/2021\/02\/f31a-1-1024x485.jpg\" alt=\"\" class=\"wp-image-1537\" srcset=\"https:\/\/catchadventure.dk\/wp-content\/uploads\/2021\/02\/f31a-1-1024x485.jpg 1024w, https:\/\/catchadventure.dk\/wp-content\/uploads\/2021\/02\/f31a-1-300x142.jpg 300w, https:\/\/catchadventure.dk\/wp-content\/uploads\/2021\/02\/f31a-1-768x363.jpg 768w, https:\/\/catchadventure.dk\/wp-content\/uploads\/2021\/02\/f31a-1-1536x727.jpg 1536w, https:\/\/catchadventure.dk\/wp-content\/uploads\/2021\/02\/f31a-1-2048x969.jpg 2048w\" sizes=\"auto, (max-width: 1024px) 100vw, 1024px\" \/><\/figure>\n<\/div>\n\n\n\n<div class=\"wp-block-column is-layout-flow wp-block-column-is-layout-flow\">\n<figure class=\"wp-block-image size-large\"><img loading=\"lazy\" decoding=\"async\" width=\"1024\" height=\"485\" src=\"https:\/\/catchadventure.dk\/wp-content\/uploads\/2021\/02\/f27-1-1024x485.jpg\" alt=\"\" class=\"wp-image-1538\" srcset=\"https:\/\/catchadventure.dk\/wp-content\/uploads\/2021\/02\/f27-1-1024x485.jpg 1024w, https:\/\/catchadventure.dk\/wp-content\/uploads\/2021\/02\/f27-1-300x142.jpg 300w, https:\/\/catchadventure.dk\/wp-content\/uploads\/2021\/02\/f27-1-768x364.jpg 768w, https:\/\/catchadventure.dk\/wp-content\/uploads\/2021\/02\/f27-1-1536x727.jpg 1536w, https:\/\/catchadventure.dk\/wp-content\/uploads\/2021\/02\/f27-1-2048x969.jpg 2048w\" sizes=\"auto, (max-width: 1024px) 100vw, 1024px\" \/><\/figure>\n<\/div>\n<\/div>\n\n\n\n<p>Fire d\u00f8gn efter madregnen stoppede, kunne man se tydelige tegn p\u00e5 aktivitet. En god h\u00e5ndfuld karper havde indfundet sig p\u00e5 pladsen. Samme aften, fordelte jeg 1kg af mine hjemmerullede boilies med spomb. S\u00e5 ville min krogagn ikke v\u00e6re helt fremmede for dem, n\u00e5r jeg skulle fiske dagen efter. Endnu senere samme aften, ankom to karpefiskere til s\u00f8en. De fandt ogs\u00e5 sivspidsen sp\u00e6ndende, og mente den skulle have en ordentlig omgang foder, for at lokke karperne til. <br>P\u00e5 tre dage fangede de et par fine fisk, men ingen af dem huggede, for enden af den smalle r\u00f8rskov.<\/p>\n\n\n\n<div class=\"wp-block-columns is-layout-flex wp-container-core-columns-is-layout-9d6595d7 wp-block-columns-is-layout-flex\">\n<div class=\"wp-block-column is-layout-flow wp-block-column-is-layout-flow\"><div class=\"wp-block-image\">\n<figure class=\"alignleft size-large is-resized\"><img loading=\"lazy\" decoding=\"async\" src=\"https:\/\/catchadventure.dk\/wp-content\/uploads\/2021\/02\/f28aa-1024x667.jpg\" alt=\"\" class=\"wp-image-2146\" width=\"364\" height=\"237\" srcset=\"https:\/\/catchadventure.dk\/wp-content\/uploads\/2021\/02\/f28aa-1024x667.jpg 1024w, https:\/\/catchadventure.dk\/wp-content\/uploads\/2021\/02\/f28aa-300x195.jpg 300w, https:\/\/catchadventure.dk\/wp-content\/uploads\/2021\/02\/f28aa-768x500.jpg 768w, https:\/\/catchadventure.dk\/wp-content\/uploads\/2021\/02\/f28aa-1536x1001.jpg 1536w, https:\/\/catchadventure.dk\/wp-content\/uploads\/2021\/02\/f28aa-2048x1335.jpg 2048w\" sizes=\"auto, (max-width: 364px) 100vw, 364px\" \/><\/figure>\n<\/div><\/div>\n\n\n\n<div class=\"wp-block-column is-layout-flow wp-block-column-is-layout-flow\">\n<p class=\"has-text-align-center\"><strong>Tirsdag den 3. september 2019:<\/strong> Nu havde der ligget foder p\u00e5 pladsen i 9 d\u00f8gn. Vejrudsigten for de kommende dage, lovede en fin blanding af sol, regn og svag vind. I \u00e5rets l\u00f8b var det kun blevet til en enkelt tur i mosen. Det skulle blive interessant at se resultatet, af denne massive foderkampagne. <br>Om morgenen blev to tackler agnet, med en synkende 18mm boilie p\u00e5 hver. De 100g tunge bly, landede for foden af skr\u00e6nten, kun 3m fra hinanden.<\/p>\n<\/div>\n\n\n\n<div class=\"wp-block-column is-layout-flow wp-block-column-is-layout-flow\">\n<figure class=\"wp-block-image size-large\"><img loading=\"lazy\" decoding=\"async\" width=\"1024\" height=\"698\" src=\"https:\/\/catchadventure.dk\/wp-content\/uploads\/2021\/02\/f31aa-1-1024x698.jpg\" alt=\"\" class=\"wp-image-2152\" srcset=\"https:\/\/catchadventure.dk\/wp-content\/uploads\/2021\/02\/f31aa-1-1024x698.jpg 1024w, https:\/\/catchadventure.dk\/wp-content\/uploads\/2021\/02\/f31aa-1-300x205.jpg 300w, https:\/\/catchadventure.dk\/wp-content\/uploads\/2021\/02\/f31aa-1-768x524.jpg 768w, https:\/\/catchadventure.dk\/wp-content\/uploads\/2021\/02\/f31aa-1-1536x1047.jpg 1536w, https:\/\/catchadventure.dk\/wp-content\/uploads\/2021\/02\/f31aa-1-2048x1396.jpg 2048w\" sizes=\"auto, (max-width: 1024px) 100vw, 1024px\" \/><\/figure>\n<\/div>\n<\/div>\n\n\n\n<p>Hvis der skulle komme hug p\u00e5 den ene, ville den anden stadig fiske pladsen. En effektiv m\u00e5de, at presse det maksimale ud af et aktivt spot. Inden middag havde jeg fanget fem sm\u00e5 brasen, to sudere omkring 2.5kg og en 5kg sk\u00e6lkarpe. Efter hvert hug, blev fodringen suppleret med to sm\u00e5 spomb boilies\/tigernuts.<\/p>\n\n\n\n<p>Onsdag morgen var krog-agnen udskiftet til en 22mm synkende, for at holde de v\u00e6rste sm\u00e5fisk v\u00e6k. To 9+ spejlkarper blev morgenens resultat. Overbevist om at fiskeriet var opadg\u00e5ende, bestemte jeg mig for at give den et skud mere.<\/p>\n\n\n\n<div class=\"wp-block-columns is-layout-flex wp-container-core-columns-is-layout-9d6595d7 wp-block-columns-is-layout-flex\">\n<div class=\"wp-block-column is-layout-flow wp-block-column-is-layout-flow\">\n<figure class=\"wp-block-image size-large\"><img loading=\"lazy\" decoding=\"async\" width=\"1024\" height=\"694\" src=\"https:\/\/catchadventure.dk\/wp-content\/uploads\/2021\/02\/f34-1-1024x694.jpg\" alt=\"\" class=\"wp-image-1554\" srcset=\"https:\/\/catchadventure.dk\/wp-content\/uploads\/2021\/02\/f34-1-1024x694.jpg 1024w, https:\/\/catchadventure.dk\/wp-content\/uploads\/2021\/02\/f34-1-300x203.jpg 300w, https:\/\/catchadventure.dk\/wp-content\/uploads\/2021\/02\/f34-1-768x521.jpg 768w, https:\/\/catchadventure.dk\/wp-content\/uploads\/2021\/02\/f34-1-1536x1042.jpg 1536w, https:\/\/catchadventure.dk\/wp-content\/uploads\/2021\/02\/f34-1-2048x1389.jpg 2048w\" sizes=\"auto, (max-width: 1024px) 100vw, 1024px\" \/><\/figure>\n<\/div>\n\n\n\n<div class=\"wp-block-column is-layout-flow wp-block-column-is-layout-flow\">\n<figure class=\"wp-block-image size-large\"><img loading=\"lazy\" decoding=\"async\" width=\"1024\" height=\"516\" src=\"https:\/\/catchadventure.dk\/wp-content\/uploads\/2021\/02\/f34b-1-1024x516.jpg\" alt=\"\" class=\"wp-image-1555\" srcset=\"https:\/\/catchadventure.dk\/wp-content\/uploads\/2021\/02\/f34b-1-1024x516.jpg 1024w, https:\/\/catchadventure.dk\/wp-content\/uploads\/2021\/02\/f34b-1-300x151.jpg 300w, https:\/\/catchadventure.dk\/wp-content\/uploads\/2021\/02\/f34b-1-768x387.jpg 768w, https:\/\/catchadventure.dk\/wp-content\/uploads\/2021\/02\/f34b-1-1536x775.jpg 1536w, https:\/\/catchadventure.dk\/wp-content\/uploads\/2021\/02\/f34b-1-2048x1033.jpg 2048w\" sizes=\"auto, (max-width: 1024px) 100vw, 1024px\" \/><\/figure>\n<\/div>\n\n\n\n<div class=\"wp-block-column is-layout-flow wp-block-column-is-layout-flow\">\n<figure class=\"wp-block-image size-large\"><img loading=\"lazy\" decoding=\"async\" width=\"1024\" height=\"700\" src=\"https:\/\/catchadventure.dk\/wp-content\/uploads\/2021\/02\/f36-1-1024x700.jpg\" alt=\"\" class=\"wp-image-1556\" srcset=\"https:\/\/catchadventure.dk\/wp-content\/uploads\/2021\/02\/f36-1-1024x700.jpg 1024w, https:\/\/catchadventure.dk\/wp-content\/uploads\/2021\/02\/f36-1-300x205.jpg 300w, https:\/\/catchadventure.dk\/wp-content\/uploads\/2021\/02\/f36-1-768x525.jpg 768w, https:\/\/catchadventure.dk\/wp-content\/uploads\/2021\/02\/f36-1-1536x1051.jpg 1536w, https:\/\/catchadventure.dk\/wp-content\/uploads\/2021\/02\/f36-1.jpg 1652w\" sizes=\"auto, (max-width: 1024px) 100vw, 1024px\" \/><\/figure>\n<\/div>\n<\/div>\n\n\n\n<p>Torsdag kom en 6.2kg spejler op, efter blot 20min. Resten af dagen forl\u00f8b hektisk, med syv karper mere p\u00e5 land. Fire af dem rundede 10kg med den st\u00f8rste p\u00e5 13.5kg. Aktiviteten l\u00e5 fordelt fra sol op til sol ned. Da jeg gik hjem i tusm\u00f8rket, holdt pladsen stadig fisk. <\/p>\n\n\n\n<p>14 dage senere, tog jeg tre hurtige morgenture i streg. S\u00f8en leverede fire 6-8kg sk\u00e6llere, og en spejler p\u00e5 10+. De 16 karper der blev fanget p\u00e5 disse 6 dagsture, repr\u00e6senterer et fint gennemsnit af, hvad man kan forvente, n\u00e5r bidmelderen kalder i mosen.<\/p>\n\n\n\n<p>Martin Stormly 2020<\/p>\n\n\n\n<div class=\"wp-block-columns is-layout-flex wp-container-core-columns-is-layout-9d6595d7 wp-block-columns-is-layout-flex\">\n<div class=\"wp-block-column is-layout-flow wp-block-column-is-layout-flow\">\n<figure class=\"wp-block-image size-large\"><img loading=\"lazy\" decoding=\"async\" width=\"1024\" height=\"618\" src=\"https:\/\/catchadventure.dk\/wp-content\/uploads\/2021\/02\/f40a-1-1024x618.jpg\" alt=\"\" class=\"wp-image-2156\" srcset=\"https:\/\/catchadventure.dk\/wp-content\/uploads\/2021\/02\/f40a-1-1024x618.jpg 1024w, https:\/\/catchadventure.dk\/wp-content\/uploads\/2021\/02\/f40a-1-300x181.jpg 300w, https:\/\/catchadventure.dk\/wp-content\/uploads\/2021\/02\/f40a-1-768x463.jpg 768w, https:\/\/catchadventure.dk\/wp-content\/uploads\/2021\/02\/f40a-1-1536x927.jpg 1536w, https:\/\/catchadventure.dk\/wp-content\/uploads\/2021\/02\/f40a-1-2048x1236.jpg 2048w\" sizes=\"auto, (max-width: 1024px) 100vw, 1024px\" \/><\/figure>\n<\/div>\n\n\n\n<div class=\"wp-block-column is-layout-flow wp-block-column-is-layout-flow\">\n<figure class=\"wp-block-image size-large\"><img loading=\"lazy\" decoding=\"async\" width=\"1024\" height=\"616\" src=\"https:\/\/catchadventure.dk\/wp-content\/uploads\/2021\/02\/f42a-1024x616.jpg\" alt=\"\" class=\"wp-image-2158\" srcset=\"https:\/\/catchadventure.dk\/wp-content\/uploads\/2021\/02\/f42a-1024x616.jpg 1024w, https:\/\/catchadventure.dk\/wp-content\/uploads\/2021\/02\/f42a-300x180.jpg 300w, https:\/\/catchadventure.dk\/wp-content\/uploads\/2021\/02\/f42a-768x462.jpg 768w, https:\/\/catchadventure.dk\/wp-content\/uploads\/2021\/02\/f42a-1536x924.jpg 1536w, https:\/\/catchadventure.dk\/wp-content\/uploads\/2021\/02\/f42a-2048x1232.jpg 2048w\" sizes=\"auto, (max-width: 1024px) 100vw, 1024px\" \/><\/figure>\n<\/div>\n<\/div>\n\n\n<div class=\"wp-block-image\">\n<figure class=\"aligncenter size-large is-resized\"><img loading=\"lazy\" decoding=\"async\" src=\"https:\/\/catchadventure.dk\/wp-content\/uploads\/2022\/05\/Catch-adventure-for-the-fishing-1024x442.jpg\" alt=\"\" class=\"wp-image-5678\" width=\"768\" height=\"332\" srcset=\"https:\/\/catchadventure.dk\/wp-content\/uploads\/2022\/05\/Catch-adventure-for-the-fishing-1024x442.jpg 1024w, https:\/\/catchadventure.dk\/wp-content\/uploads\/2022\/05\/Catch-adventure-for-the-fishing-300x130.jpg 300w, https:\/\/catchadventure.dk\/wp-content\/uploads\/2022\/05\/Catch-adventure-for-the-fishing-768x332.jpg 768w, https:\/\/catchadventure.dk\/wp-content\/uploads\/2022\/05\/Catch-adventure-for-the-fishing-1536x664.jpg 1536w, https:\/\/catchadventure.dk\/wp-content\/uploads\/2022\/05\/Catch-adventure-for-the-fishing-2048x885.jpg 2048w, https:\/\/catchadventure.dk\/wp-content\/uploads\/2022\/05\/Catch-adventure-for-the-fishing-1320x570.jpg 1320w\" sizes=\"auto, (max-width: 768px) 100vw, 768px\" \/><\/figure>\n<\/div>","protected":false},"excerpt":{"rendered":"<p>Hakkemosen Denne lille gr\u00f8nne oase i stor K\u00f8benhavn har gennem tiden st\u00e5et til m\u00e5ls for mangt og meget. Min f\u00f8rste erindring om s\u00f8en, er fra en fisketur med klassen, i de f\u00f8rste skole\u00e5r. Hjemme igen om eftermiddagen, kunne jeg stolt vise 3 stinkende trof\u00e6skaller frem. Under h\u00f8jlydte protester fra min ellers t\u00e5lmodige mor, r\u00f8g dagens [&hellip;]<\/p>\n","protected":false},"author":1,"featured_media":0,"parent":0,"menu_order":0,"comment_status":"closed","ping_status":"closed","template":"","meta":{"footnotes":""},"class_list":["post-1376","page","type-page","status-publish","hentry"],"_links":{"self":[{"href":"https:\/\/catchadventure.dk\/index.php\/wp-json\/wp\/v2\/pages\/1376","targetHints":{"allow":["GET"]}}],"collection":[{"href":"https:\/\/catchadventure.dk\/index.php\/wp-json\/wp\/v2\/pages"}],"about":[{"href":"https:\/\/catchadventure.dk\/index.php\/wp-json\/wp\/v2\/types\/page"}],"author":[{"embeddable":true,"href":"https:\/\/catchadventure.dk\/index.php\/wp-json\/wp\/v2\/users\/1"}],"replies":[{"embeddable":true,"href":"https:\/\/catchadventure.dk\/index.php\/wp-json\/wp\/v2\/comments?post=1376"}],"version-history":[{"count":181,"href":"https:\/\/catchadventure.dk\/index.php\/wp-json\/wp\/v2\/pages\/1376\/revisions"}],"predecessor-version":[{"id":5713,"href":"https:\/\/catchadventure.dk\/index.php\/wp-json\/wp\/v2\/pages\/1376\/revisions\/5713"}],"wp:attachment":[{"href":"https:\/\/catchadventure.dk\/index.php\/wp-json\/wp\/v2\/media?parent=1376"}],"curies":[{"name":"wp","href":"https:\/\/api.w.org\/{rel}","templated":true}]}}